{"id":17,"date":"2015-08-15T02:25:54","date_gmt":"2015-08-15T05:25:54","guid":{"rendered":"http:\/\/baffasoft.com.br\/blog\/?page_id=17"},"modified":"2020-08-29T15:07:15","modified_gmt":"2020-08-29T18:07:15","slug":"publicacoes","status":"publish","type":"page","link":"http:\/\/www.alinedonato.pro.br\/site\/publicacoes\/","title":{"rendered":"Publica\u00e7\u00f5es"},"content":{"rendered":"<p>2008<\/p>\n<p>Agosto 2008<br \/>\nSANTANA, S.S. ; BARBOSA, A.G. ; DONATO, A. B.: Diferentes contextos de uso del gerundio en portugu\u00e9s brasile\u00f1o y en espa\u00f1ol: las per\u00edfrasis.<br \/>\nIn: XV Congresso Internacional de la ALFAL, 2008, Montevideo. Anais do XV Congresso Internacional de la ALFAL, 2008.<\/p>\n<p>BARBOSA, A.G. ; DONATO, A. B. ; SANTANA, S.S.: Soy yo otra vez, estoy queriendo tu opini\u00f3n. Diferentes contextos de uso del gerundio en portugu\u00e9s brasile\u00f1o y en espa\u00f1ol: las per\u00edfrasis.<br \/>\nIn: XV Congreso Internacional de la ALFAL, 2008, Montevideo. Anais do XV Congreso Internacional de la ALFAL, 2008.<\/p>\n<p>2006<\/p>\n<p>DONATO, A. B. ; SANTANA, S.S. . Diferentes contextos do Uso de Ger\u00fandio em Portugu\u00eas e Espanhol: As Per\u00edfrases.<br \/>\nIn: III Simp\u00f3sio Internacional de Did\u00e1tica do Espanhol como L\u00edngua Estrangeira \u00abJos\u00e9 Carlos Lisboa\u00bb, 2006.<\/p>\n<p>SANTANA, S.S. ; DONATO, A. B. ; FRANCO, C. M. . As per\u00edfrases verbais de ger\u00fandio: um estudo comparado do espanhol, do italiano e do portugu\u00eas.<br \/>\nIn: IV F\u00f3rum CLAC, 2006, Rio de Janeiro. Anais do IV F\u00f3rum CLAC, 2006.<\/p>\n","protected":false},"excerpt":{"rendered":"<p>2008 Agosto 2008 SANTANA, S.S. ; BARBOSA, A.G. ; DONATO, A. B.: Diferentes contextos de uso del gerundio en portugu\u00e9s brasile\u00f1o y en espa\u00f1ol: las per\u00edfrasis. In: XV Congresso Internacional de la ALFAL, 2008, Montevideo. Anais do XV Congresso Internacional de la ALFAL, 2008. BARBOSA, A.G. ; DONATO, A. B. ; SANTANA, S.S.: Soy yo &hellip; <a href=\"http:\/\/www.alinedonato.pro.br\/site\/publicacoes\/\" class=\"more-link\">Seguir leyendo <span class=\"screen-reader-text\">Publica\u00e7\u00f5es<\/span> <span class=\"meta-nav\">&rarr;<\/span><\/a><\/p>\n","protected":false},"author":3,"featured_media":0,"parent":0,"menu_order":0,"comment_status":"closed","ping_status":"closed","template":"","meta":{"footnotes":""},"class_list":["post-17","page","type-page","status-publish","hentry"],"jetpack_sharing_enabled":true,"_links":{"self":[{"href":"http:\/\/www.alinedonato.pro.br\/site\/wp-json\/wp\/v2\/pages\/17","targetHints":{"allow":["GET"]}}],"collection":[{"href":"http:\/\/www.alinedonato.pro.br\/site\/wp-json\/wp\/v2\/pages"}],"about":[{"href":"http:\/\/www.alinedonato.pro.br\/site\/wp-json\/wp\/v2\/types\/page"}],"author":[{"embeddable":true,"href":"http:\/\/www.alinedonato.pro.br\/site\/wp-json\/wp\/v2\/users\/3"}],"replies":[{"embeddable":true,"href":"http:\/\/www.alinedonato.pro.br\/site\/wp-json\/wp\/v2\/comments?post=17"}],"version-history":[{"count":2,"href":"http:\/\/www.alinedonato.pro.br\/site\/wp-json\/wp\/v2\/pages\/17\/revisions"}],"predecessor-version":[{"id":50,"href":"http:\/\/www.alinedonato.pro.br\/site\/wp-json\/wp\/v2\/pages\/17\/revisions\/50"}],"wp:attachment":[{"href":"http:\/\/www.alinedonato.pro.br\/site\/wp-json\/wp\/v2\/media?parent=17"}],"curies":[{"name":"wp","href":"https:\/\/api.w.org\/{rel}","templated":true}]}}