{"id":13,"date":"2015-08-15T02:05:31","date_gmt":"2015-08-15T05:05:31","guid":{"rendered":"http:\/\/baffasoft.com.br\/blog\/?page_id=13"},"modified":"2020-08-29T15:06:43","modified_gmt":"2020-08-29T18:06:43","slug":"sobre","status":"publish","type":"page","link":"http:\/\/www.alinedonato.pro.br\/site\/sobre\/","title":{"rendered":"Aline de Bettencourt Donato"},"content":{"rendered":"<div style=\"float: right; padding-left: 10px;\">\n<div><img loading=\"lazy\" decoding=\"async\" class=\"alignnone size-thumbnail wp-image-9\" src=\"http:\/\/baffasoft.com.br\/blog\/wp-content\/uploads\/2015\/08\/alinedonato-150x150.jpg\" alt=\"alinedonato\" width=\"150\" height=\"150\" \/><\/div>\n<p><a style=\"text-decoration: none;\" href=\"http:\/\/buscatextual.cnpq.br\/buscatextual\/visualizacv.do?metodo=apresentar&amp;id=K4230474T9\" target=\"_blank\" rel=\"noopener noreferrer\"><span style=\"font: 80% Arial,sans-serif; color: #0783b6;\"><img loading=\"lazy\" decoding=\"async\" style=\"vertical-align: middle; padding-right: 4px;\" src=\"http:\/\/www.alinedonato.pro.br\/site\/wp-content\/uploads\/sites\/4\/2015\/08\/lattes_icon.png\" alt=\"Lattes\" width=\"16\" height=\"22\" border=\"0\" \/> CV Lattes<\/span><\/a><\/p>\n<\/div>\n<p>Professora da Secretaria Municipal de Educa\u00e7\u00e3o PMVR, SME-PMVR<br \/>\nProfessor I &#8211; L\u00edngua Portuguesa<\/p>\n<p>Professora da Funda\u00e7\u00e3o de Apoio \u00e0 Escola T\u00e9cnica do Estado do Rio de Janeiro, FAETEC<br \/>\nProfessor de espanhol como L\u00edngua Estrangeira<\/p>\n<h4>Interesses<\/h4>\n<p>Linguagem, sociedade e cogni\u00e7\u00e3o<\/p>\n<h4>Educa\u00e7\u00e3o<\/h4>\n<p>Mestrado em Letras 2012-2014 &#8211; CR: ?? (??\/10.0)<br \/>\n<a href=\"http:\/\/www.uerj.br\/\" target=\"_blank\" rel=\"noopener noreferrer\">Universidade do Estado do Rio de Janeiro, UERJ<\/a><br \/>\nOrientador: <a href=\"http:\/\/lattes.cnpq.br\/9455322284852465\" target=\"_blank\" rel=\"noopener noreferrer\">Profa. Cristina Vergnano Junger<\/a><br \/>\nDisserta\u00e7\u00e3o: O hipertexto em sala de aula: uma an\u00e1lise cognitiva do discurso dos professores<\/p>\n<p>Especializa\u00e7\u00e3o em L\u00edngua Espanhola Instrumental para Leitura 2008-2009 &#8211; CR: ?? (??\/10.0)<br \/>\n<a href=\"http:\/\/www.uerj.br\/\" target=\"_blank\" rel=\"noopener noreferrer\">Universidade do Estado do Rio de Janeiro, UERJ<\/a><br \/>\nTcc: Transposi\u00e7\u00e3o did\u00e1tica de textos de Internet: o papel do professor<\/p>\n<p>Gradua\u00e7\u00e3o em Licenciatura em Portugu\u00eas e Espanhol 2006-2007 &#8211; CR: ?? (??\/10.0)<br \/>\n<a href=\"http:\/\/www.ufrj.br\/\" target=\"_blank\" rel=\"noopener noreferrer\">Universidade Federal do Rio de Janeiro, UFRJ<\/a><\/p>\n<p>Gradua\u00e7\u00e3o em Bacharelado em Portugu\u00eas e Espanhol 2003-2006 &#8211; CR: ?? (??\/10.0)<br \/>\n<a href=\"http:\/\/www.ufrj.br\/\" target=\"_blank\" rel=\"noopener noreferrer\">Universidade Federal do Rio de Janeiro, UFRJ<\/a><\/p>\n<h4>Pr\u00eamios e Reconhecimentos<\/h4>\n<ul>\n<li>Summa cum laude 2007<\/li>\n<li>Summa cum laude 2006<\/li>\n<li>Inicia\u00e7\u00e3o cient\u00edfica 2005<\/li>\n<\/ul>\n","protected":false},"excerpt":{"rendered":"<p>CV Lattes Professora da Secretaria Municipal de Educa\u00e7\u00e3o PMVR, SME-PMVR Professor I &#8211; L\u00edngua Portuguesa Professora da Funda\u00e7\u00e3o de Apoio \u00e0 Escola T\u00e9cnica do Estado do Rio de Janeiro, FAETEC Professor de espanhol como L\u00edngua Estrangeira Interesses Linguagem, sociedade e cogni\u00e7\u00e3o Educa\u00e7\u00e3o Mestrado em Letras 2012-2014 &#8211; CR: ?? (??\/10.0) Universidade do Estado do Rio &hellip; <a href=\"http:\/\/www.alinedonato.pro.br\/site\/sobre\/\" class=\"more-link\">Seguir leyendo <span class=\"screen-reader-text\">Aline de Bettencourt Donato<\/span> <span class=\"meta-nav\">&rarr;<\/span><\/a><\/p>\n","protected":false},"author":3,"featured_media":0,"parent":0,"menu_order":0,"comment_status":"closed","ping_status":"closed","template":"","meta":{"footnotes":""},"class_list":["post-13","page","type-page","status-publish","hentry"],"jetpack_sharing_enabled":true,"_links":{"self":[{"href":"http:\/\/www.alinedonato.pro.br\/site\/wp-json\/wp\/v2\/pages\/13","targetHints":{"allow":["GET"]}}],"collection":[{"href":"http:\/\/www.alinedonato.pro.br\/site\/wp-json\/wp\/v2\/pages"}],"about":[{"href":"http:\/\/www.alinedonato.pro.br\/site\/wp-json\/wp\/v2\/types\/page"}],"author":[{"embeddable":true,"href":"http:\/\/www.alinedonato.pro.br\/site\/wp-json\/wp\/v2\/users\/3"}],"replies":[{"embeddable":true,"href":"http:\/\/www.alinedonato.pro.br\/site\/wp-json\/wp\/v2\/comments?post=13"}],"version-history":[{"count":2,"href":"http:\/\/www.alinedonato.pro.br\/site\/wp-json\/wp\/v2\/pages\/13\/revisions"}],"predecessor-version":[{"id":49,"href":"http:\/\/www.alinedonato.pro.br\/site\/wp-json\/wp\/v2\/pages\/13\/revisions\/49"}],"wp:attachment":[{"href":"http:\/\/www.alinedonato.pro.br\/site\/wp-json\/wp\/v2\/media?parent=13"}],"curies":[{"name":"wp","href":"https:\/\/api.w.org\/{rel}","templated":true}]}}